{"id":111,"date":"2024-01-17T12:32:13","date_gmt":"2024-01-17T11:32:13","guid":{"rendered":"https:\/\/musita.it\/?post_type=product&#038;p=111"},"modified":"2024-02-15T14:46:36","modified_gmt":"2024-02-15T13:46:36","slug":"etna-bianco","status":"publish","type":"product","link":"https:\/\/musita.it\/en\/product\/etna-bianco\/","title":{"rendered":"Etna Bianco"},"content":{"rendered":"<p>Dry stone walls in volcanic soil, terracing, and ancient vineyards cultivated with bush-trained and trellised vines create a unique landscape in the world, the Etna wine landscape. Varieties such as Carricante, Nerello Mascalese, and Nerello Cappuccio are the most common for producing elegant, mineral, and strongly personality-driven wines.<\/p>","protected":false},"excerpt":{"rendered":"<p>Dry stone walls in volcanic soil, terracing, and ancient vineyards cultivated with bush-trained and trellised vines create a unique landscape in the world, the Etna wine landscape. Varieties such as Carricante, Nerello Mascalese, and Nerello Cappuccio are the most common for producing elegant, mineral, and strongly personality-driven wines.<\/p>","protected":false},"featured_media":241,"comment_status":"open","ping_status":"closed","template":"","meta":{"_links_to":"","_links_to_target":""},"product_cat":[23],"product_tag":[],"class_list":{"0":"post-111","1":"product","2":"type-product","3":"status-publish","4":"has-post-thumbnail","6":"product_cat-regieterre","8":"first","9":"instock","10":"shipping-taxable","11":"product-type-simple"},"acf":[],"yoast_head":"<!-- This site is optimized with the Yoast SEO plugin v21.8 - https:\/\/yoast.com\/wordpress\/plugins\/seo\/ -->\n<title>Etna Bianco - Mus\u00ecta<\/title>\n<meta name=\"robots\" content=\"index, follow, max-snippet:-1, max-image-preview:large, max-video-preview:-1\" \/>\n<link rel=\"canonical\" href=\"https:\/\/musita.it\/en\/product\/etna-bianco\/\" \/>\n<meta property=\"og:locale\" content=\"en_GB\" \/>\n<meta property=\"og:type\" content=\"article\" \/>\n<meta property=\"og:title\" content=\"Etna Bianco - Mus\u00ecta\" \/>\n<meta property=\"og:description\" content=\"Muretti a secco in pietra lavica, terreno vulcanico, terrazzamenti e antichi vigneti coltivati ad alberello e a controspalliera ci regalano un paesaggio unico al mondo, il paesaggio viticolo etneo. Variet\u00e0 come il carricante, il nerello mascalese e il nerello cappuccio sono le pi\u00f9 diffuse per vini eleganti, minerali e di forte personalit\u00e0.\" \/>\n<meta property=\"og:url\" content=\"https:\/\/musita.it\/en\/product\/etna-bianco\/\" \/>\n<meta property=\"og:site_name\" content=\"Mus\u00ecta\" \/>\n<meta property=\"article:modified_time\" content=\"2024-02-15T13:46:36+00:00\" \/>\n<meta property=\"og:image\" content=\"https:\/\/musita.it\/wp-content\/uploads\/2024\/02\/regieterre_etna_bianco.webp\" \/>\n\t<meta property=\"og:image:width\" content=\"464\" \/>\n\t<meta property=\"og:image:height\" content=\"1500\" \/>\n\t<meta property=\"og:image:type\" content=\"image\/webp\" \/>\n<meta name=\"twitter:card\" content=\"summary_large_image\" \/>\n<meta name=\"twitter:label1\" content=\"Estimated reading time\" \/>\n\t<meta name=\"twitter:data1\" content=\"1 minute\" \/>\n<script type=\"application\/ld+json\" class=\"yoast-schema-graph\">{\"@context\":\"https:\/\/schema.org\",\"@graph\":[{\"@type\":\"WebPage\",\"@id\":\"https:\/\/musita.it\/prodotto\/etna-bianco\/\",\"url\":\"https:\/\/musita.it\/prodotto\/etna-bianco\/\",\"name\":\"Etna Bianco - Mus\u00ecta\",\"isPartOf\":{\"@id\":\"https:\/\/musita.it\/#website\"},\"datePublished\":\"2024-01-17T11:32:13+00:00\",\"dateModified\":\"2024-02-15T13:46:36+00:00\",\"inLanguage\":\"en-GB\",\"potentialAction\":[{\"@type\":\"ReadAction\",\"target\":[\"https:\/\/musita.it\/prodotto\/etna-bianco\/\"]}]},{\"@type\":\"WebSite\",\"@id\":\"https:\/\/musita.it\/#website\",\"url\":\"https:\/\/musita.it\/\",\"name\":\"Mus\u00ecta\",\"description\":\"Tradizione di famiglia. Amore per la terra. Passione per il vino.\",\"potentialAction\":[{\"@type\":\"SearchAction\",\"target\":{\"@type\":\"EntryPoint\",\"urlTemplate\":\"https:\/\/musita.it\/?s={search_term_string}\"},\"query-input\":\"required name=search_term_string\"}],\"inLanguage\":\"en-GB\"}]}<\/script>\n<!-- \/ Yoast SEO plugin. -->","yoast_head_json":{"title":"Etna Bianco - Mus\u00ecta","robots":{"index":"index","follow":"follow","max-snippet":"max-snippet:-1","max-image-preview":"max-image-preview:large","max-video-preview":"max-video-preview:-1"},"canonical":"https:\/\/musita.it\/en\/product\/etna-bianco\/","og_locale":"en_GB","og_type":"article","og_title":"Etna Bianco - Mus\u00ecta","og_description":"Muretti a secco in pietra lavica, terreno vulcanico, terrazzamenti e antichi vigneti coltivati ad alberello e a controspalliera ci regalano un paesaggio unico al mondo, il paesaggio viticolo etneo. Variet\u00e0 come il carricante, il nerello mascalese e il nerello cappuccio sono le pi\u00f9 diffuse per vini eleganti, minerali e di forte personalit\u00e0.","og_url":"https:\/\/musita.it\/en\/product\/etna-bianco\/","og_site_name":"Mus\u00ecta","article_modified_time":"2024-02-15T13:46:36+00:00","og_image":[{"width":464,"height":1500,"url":"https:\/\/musita.it\/wp-content\/uploads\/2024\/02\/regieterre_etna_bianco.webp","type":"image\/webp"}],"twitter_card":"summary_large_image","twitter_misc":{"Estimated reading time":"1 minute"},"schema":{"@context":"https:\/\/schema.org","@graph":[{"@type":"WebPage","@id":"https:\/\/musita.it\/prodotto\/etna-bianco\/","url":"https:\/\/musita.it\/prodotto\/etna-bianco\/","name":"Etna Bianco - Mus\u00ecta","isPartOf":{"@id":"https:\/\/musita.it\/#website"},"datePublished":"2024-01-17T11:32:13+00:00","dateModified":"2024-02-15T13:46:36+00:00","inLanguage":"en-GB","potentialAction":[{"@type":"ReadAction","target":["https:\/\/musita.it\/prodotto\/etna-bianco\/"]}]},{"@type":"WebSite","@id":"https:\/\/musita.it\/#website","url":"https:\/\/musita.it\/","name":"Mus\u00ecta","description":"Tradizione di famiglia. Amore per la terra. Passione per il vino.","potentialAction":[{"@type":"SearchAction","target":{"@type":"EntryPoint","urlTemplate":"https:\/\/musita.it\/?s={search_term_string}"},"query-input":"required name=search_term_string"}],"inLanguage":"en-GB"}]}},"_links":{"self":[{"href":"https:\/\/musita.it\/en\/wp-json\/wp\/v2\/product\/111","targetHints":{"allow":["GET"]}}],"collection":[{"href":"https:\/\/musita.it\/en\/wp-json\/wp\/v2\/product"}],"about":[{"href":"https:\/\/musita.it\/en\/wp-json\/wp\/v2\/types\/product"}],"replies":[{"embeddable":true,"href":"https:\/\/musita.it\/en\/wp-json\/wp\/v2\/comments?post=111"}],"wp:featuredmedia":[{"embeddable":true,"href":"https:\/\/musita.it\/en\/wp-json\/wp\/v2\/media\/241"}],"wp:attachment":[{"href":"https:\/\/musita.it\/en\/wp-json\/wp\/v2\/media?parent=111"}],"wp:term":[{"taxonomy":"product_cat","embeddable":true,"href":"https:\/\/musita.it\/en\/wp-json\/wp\/v2\/product_cat?post=111"},{"taxonomy":"product_tag","embeddable":true,"href":"https:\/\/musita.it\/en\/wp-json\/wp\/v2\/product_tag?post=111"}],"curies":[{"name":"wp","href":"https:\/\/api.w.org\/{rel}","templated":true}]}}