{"id":280,"date":"2026-03-27T14:46:24","date_gmt":"2026-03-27T13:46:24","guid":{"rendered":"https:\/\/musita.it\/?page_id=280"},"modified":"2026-04-28T18:01:27","modified_gmt":"2026-04-28T16:01:27","slug":"esperienze","status":"publish","type":"page","link":"https:\/\/musita.it\/en\/esperienze\/","title":{"rendered":"Experiences"},"content":{"rendered":"<div class=\"divinea-intro\">\n<div><strong>Experiences and tastings in the cellar<\/strong><\/div>\n<div>Discover our wines through sensory journeys to discover our territory<\/div>\n<\/div>\n<link rel=\"stylesheet\" type=\"text\/css\" href=\"https:\/\/divinea-widget.web.app\/assets\/css\/styles.css\">\n<app-divinea language=\"it\"\n             ismine=\"true\"\n             cardlist=\"card\"\n             companies=\"04acbddc-0553-44f4-a32d-c3d4b46fdb4c\"><\/app-divinea><br \/>\n       <script type=\"text\/javascript\" src=\"https:\/\/divinea-widget.web.app\/app-divinea.js\"><\/script><\/p>\n<style>\n.divinea-intro {\n  background: #000;\n  display: flex;\n  justify-content: center;\n  align-items: center;\n  flex-direction: column;\n  width: 100% !important;\n  max-width: 100% !important;\n  padding-top: 100px;\n  color: #FFF;\n  font-size: 24px;\n  font-family: 'Editorial Old' !important;\n}\napp-divinea>#divinea-wrapper app-homepage#divinea *{\n       font-family: \"PP Editorial Old\" !important;\n}\napp-divinea > #divinea-wrapper app-homepage#divinea .product-box .product .name{\n       font-size: 1rem !important;\n}\n@media (min-width:768px){\n#divinea-wrapper{\n  margin: 20px 200px;\n  padding: 10px !important;\n}\n}\n<\/style>\n<p><script>\n  let lastLang = \"\";\n  const normalize = (lang) => {\n    if (!lang) return \"\";\n    return lang.startsWith(\"it\") || lang === \"auto\" ? \"it\" : \"en\";\n  };\n  const u = () => {\n    const currentLang = document.documentElement.lang;\n    const normalized = normalize(currentLang);\n    if (normalized !== lastLang) {\n      const w = document.querySelector(\"app-divinea\");\n      if (w) {\n        console.log(\"lang is:\", currentLang);\n        w.setAttribute(\"languageExperience\", normalized);\n        setTimeout(() => w.setAttribute(\"language\", normalized), 100);\n      }\n      lastLang = normalized;\n    }\n  };\n  u();\n  setInterval(u, 500);\n<\/script><\/p>","protected":false},"excerpt":{"rendered":"<p>Esperienze e degustazioni in Cantina Scopri i nostri vini attraverso viaggi sensoriali alla scoperta del nostro territorio<\/p>","protected":false},"author":2,"featured_media":0,"parent":0,"menu_order":0,"comment_status":"closed","ping_status":"closed","template":"","meta":{"footnotes":"","_links_to":"","_links_to_target":""},"class_list":["post-280","page","type-page","status-publish","hentry"],"acf":[],"yoast_head":"<!-- This site is optimized with the Yoast SEO plugin v21.8 - https:\/\/yoast.com\/wordpress\/plugins\/seo\/ -->\n<title>Mus\u00ecta: Tradizione di famiglia. Amore per la terra. Passione per il vino.<\/title>\n<meta name=\"description\" content=\"Ogni sorso di vino Mus\u00ecta \u00e8 una poesia che parla di terre baciate dal sole e della passione di una famiglia che affonda le radici nella cultura e nella tradizione siciliana.\" \/>\n<meta name=\"robots\" content=\"index, follow, max-snippet:-1, max-image-preview:large, max-video-preview:-1\" \/>\n<link rel=\"canonical\" href=\"https:\/\/musita.it\/en\/esperienze\/\" \/>\n<meta property=\"og:locale\" content=\"en_GB\" \/>\n<meta property=\"og:type\" content=\"article\" \/>\n<meta property=\"og:title\" content=\"Mus\u00ecta: Tradizione di famiglia. Amore per la terra. Passione per il vino.\" \/>\n<meta property=\"og:description\" content=\"Ogni sorso di vino Mus\u00ecta \u00e8 una poesia che parla di terre baciate dal sole e della passione di una famiglia che affonda le radici nella cultura e nella tradizione siciliana.\" \/>\n<meta property=\"og:url\" content=\"https:\/\/musita.it\/en\/esperienze\/\" \/>\n<meta property=\"og:site_name\" content=\"Mus\u00ecta\" \/>\n<meta property=\"article:modified_time\" content=\"2026-04-28T16:01:27+00:00\" \/>\n<meta name=\"twitter:card\" content=\"summary_large_image\" \/>\n<meta name=\"twitter:label1\" content=\"Estimated reading time\" \/>\n\t<meta name=\"twitter:data1\" content=\"1 minute\" \/>\n<script type=\"application\/ld+json\" class=\"yoast-schema-graph\">{\"@context\":\"https:\/\/schema.org\",\"@graph\":[{\"@type\":\"WebPage\",\"@id\":\"https:\/\/musita.it\/esperienze\/\",\"url\":\"https:\/\/musita.it\/esperienze\/\",\"name\":\"Mus\u00ecta: Tradizione di famiglia. Amore per la terra. Passione per il vino.\",\"isPartOf\":{\"@id\":\"https:\/\/musita.it\/#website\"},\"datePublished\":\"2026-03-27T13:46:24+00:00\",\"dateModified\":\"2026-04-28T16:01:27+00:00\",\"description\":\"Ogni sorso di vino Mus\u00ecta \u00e8 una poesia che parla di terre baciate dal sole e della passione di una famiglia che affonda le radici nella cultura e nella tradizione siciliana.\",\"inLanguage\":\"en-GB\",\"potentialAction\":[{\"@type\":\"ReadAction\",\"target\":[\"https:\/\/musita.it\/esperienze\/\"]}]},{\"@type\":\"WebSite\",\"@id\":\"https:\/\/musita.it\/#website\",\"url\":\"https:\/\/musita.it\/\",\"name\":\"Mus\u00ecta\",\"description\":\"Tradizione di famiglia. Amore per la terra. Passione per il vino.\",\"potentialAction\":[{\"@type\":\"SearchAction\",\"target\":{\"@type\":\"EntryPoint\",\"urlTemplate\":\"https:\/\/musita.it\/?s={search_term_string}\"},\"query-input\":\"required name=search_term_string\"}],\"inLanguage\":\"en-GB\"}]}<\/script>\n<!-- \/ Yoast SEO plugin. -->","yoast_head_json":{"title":"Mus\u00ecta: Tradizione di famiglia. Amore per la terra. Passione per il vino.","description":"Ogni sorso di vino Mus\u00ecta \u00e8 una poesia che parla di terre baciate dal sole e della passione di una famiglia che affonda le radici nella cultura e nella tradizione siciliana.","robots":{"index":"index","follow":"follow","max-snippet":"max-snippet:-1","max-image-preview":"max-image-preview:large","max-video-preview":"max-video-preview:-1"},"canonical":"https:\/\/musita.it\/en\/esperienze\/","og_locale":"en_GB","og_type":"article","og_title":"Mus\u00ecta: Tradizione di famiglia. Amore per la terra. Passione per il vino.","og_description":"Ogni sorso di vino Mus\u00ecta \u00e8 una poesia che parla di terre baciate dal sole e della passione di una famiglia che affonda le radici nella cultura e nella tradizione siciliana.","og_url":"https:\/\/musita.it\/en\/esperienze\/","og_site_name":"Mus\u00ecta","article_modified_time":"2026-04-28T16:01:27+00:00","twitter_card":"summary_large_image","twitter_misc":{"Estimated reading time":"1 minute"},"schema":{"@context":"https:\/\/schema.org","@graph":[{"@type":"WebPage","@id":"https:\/\/musita.it\/esperienze\/","url":"https:\/\/musita.it\/esperienze\/","name":"Mus\u00ecta: Tradizione di famiglia. Amore per la terra. Passione per il vino.","isPartOf":{"@id":"https:\/\/musita.it\/#website"},"datePublished":"2026-03-27T13:46:24+00:00","dateModified":"2026-04-28T16:01:27+00:00","description":"Ogni sorso di vino Mus\u00ecta \u00e8 una poesia che parla di terre baciate dal sole e della passione di una famiglia che affonda le radici nella cultura e nella tradizione siciliana.","inLanguage":"en-GB","potentialAction":[{"@type":"ReadAction","target":["https:\/\/musita.it\/esperienze\/"]}]},{"@type":"WebSite","@id":"https:\/\/musita.it\/#website","url":"https:\/\/musita.it\/","name":"Mus\u00ecta","description":"Tradizione di famiglia. Amore per la terra. Passione per il vino.","potentialAction":[{"@type":"SearchAction","target":{"@type":"EntryPoint","urlTemplate":"https:\/\/musita.it\/?s={search_term_string}"},"query-input":"required name=search_term_string"}],"inLanguage":"en-GB"}]}},"_links":{"self":[{"href":"https:\/\/musita.it\/en\/wp-json\/wp\/v2\/pages\/280","targetHints":{"allow":["GET"]}}],"collection":[{"href":"https:\/\/musita.it\/en\/wp-json\/wp\/v2\/pages"}],"about":[{"href":"https:\/\/musita.it\/en\/wp-json\/wp\/v2\/types\/page"}],"author":[{"embeddable":true,"href":"https:\/\/musita.it\/en\/wp-json\/wp\/v2\/users\/2"}],"replies":[{"embeddable":true,"href":"https:\/\/musita.it\/en\/wp-json\/wp\/v2\/comments?post=280"}],"version-history":[{"count":32,"href":"https:\/\/musita.it\/en\/wp-json\/wp\/v2\/pages\/280\/revisions"}],"predecessor-version":[{"id":315,"href":"https:\/\/musita.it\/en\/wp-json\/wp\/v2\/pages\/280\/revisions\/315"}],"wp:attachment":[{"href":"https:\/\/musita.it\/en\/wp-json\/wp\/v2\/media?parent=280"}],"curies":[{"name":"wp","href":"https:\/\/api.w.org\/{rel}","templated":true}]}}