{"id":254,"date":"2024-04-12T16:41:30","date_gmt":"2024-04-12T14:41:30","guid":{"rendered":"https:\/\/musita.it\/cancel-payment\/"},"modified":"-0001-11-30T00:00:00","modified_gmt":"-0001-11-29T22:00:00","slug":"cancel-payment","status":"publish","type":"page","link":"https:\/\/musita.it\/en\/cancel-payment\/","title":{"rendered":"Annulla pagamento"},"content":{"rendered":"<div class=\"bpa-front-data-empty-view __bpa-is-guest-view\">\n<h4>Spiacente! Qualcosa \u00e8 andato storto. Il tuo pagamento non \u00e8 andato a buon fine.<\/h4>\n<\/p><\/div>","protected":false},"excerpt":{"rendered":"<p>Spiacente! Qualcosa \u00e8 andato storto. Il tuo pagamento non \u00e8 andato a buon fine.<\/p>","protected":false},"author":1,"featured_media":0,"parent":0,"menu_order":0,"comment_status":"open","ping_status":"open","template":"","meta":{"footnotes":"","_links_to":"","_links_to_target":""},"class_list":["post-254","page","type-page","status-publish","hentry"],"acf":[],"yoast_head":"<!-- This site is optimized with the Yoast SEO plugin v21.8 - https:\/\/yoast.com\/wordpress\/plugins\/seo\/ -->\n<title>Annulla pagamento - Mus\u00ecta<\/title>\n<meta name=\"robots\" content=\"index, follow, max-snippet:-1, max-image-preview:large, max-video-preview:-1\" \/>\n<link rel=\"canonical\" href=\"https:\/\/musita.it\/en\/cancel-payment\/\" \/>\n<meta property=\"og:locale\" content=\"en_GB\" \/>\n<meta property=\"og:type\" content=\"article\" \/>\n<meta property=\"og:title\" content=\"Annulla pagamento - Mus\u00ecta\" \/>\n<meta property=\"og:description\" content=\"Spiacente! Qualcosa \u00e8 andato storto. Il tuo pagamento non \u00e8 andato a buon fine.\" \/>\n<meta property=\"og:url\" content=\"https:\/\/musita.it\/en\/cancel-payment\/\" \/>\n<meta property=\"og:site_name\" content=\"Mus\u00ecta\" \/>\n<meta property=\"article:modified_time\" content=\"-0001-11-30T00:00:00+00:00\" \/>\n<meta name=\"twitter:card\" content=\"summary_large_image\" \/>\n<script type=\"application\/ld+json\" class=\"yoast-schema-graph\">{\"@context\":\"https:\/\/schema.org\",\"@graph\":[{\"@type\":\"WebPage\",\"@id\":\"https:\/\/musita.it\/cancel-payment\/\",\"url\":\"https:\/\/musita.it\/cancel-payment\/\",\"name\":\"Annulla pagamento - Mus\u00ecta\",\"isPartOf\":{\"@id\":\"https:\/\/musita.it\/#website\"},\"datePublished\":\"2024-04-12T14:41:30+00:00\",\"dateModified\":\"-0001-11-30T00:00:00+00:00\",\"inLanguage\":\"en-GB\",\"potentialAction\":[{\"@type\":\"ReadAction\",\"target\":[\"https:\/\/musita.it\/cancel-payment\/\"]}]},{\"@type\":\"WebSite\",\"@id\":\"https:\/\/musita.it\/#website\",\"url\":\"https:\/\/musita.it\/\",\"name\":\"Mus\u00ecta\",\"description\":\"Tradizione di famiglia. Amore per la terra. Passione per il vino.\",\"potentialAction\":[{\"@type\":\"SearchAction\",\"target\":{\"@type\":\"EntryPoint\",\"urlTemplate\":\"https:\/\/musita.it\/?s={search_term_string}\"},\"query-input\":\"required name=search_term_string\"}],\"inLanguage\":\"en-GB\"}]}<\/script>\n<!-- \/ Yoast SEO plugin. -->","yoast_head_json":{"title":"Annulla pagamento - Mus\u00ecta","robots":{"index":"index","follow":"follow","max-snippet":"max-snippet:-1","max-image-preview":"max-image-preview:large","max-video-preview":"max-video-preview:-1"},"canonical":"https:\/\/musita.it\/en\/cancel-payment\/","og_locale":"en_GB","og_type":"article","og_title":"Annulla pagamento - Mus\u00ecta","og_description":"Spiacente! Qualcosa \u00e8 andato storto. Il tuo pagamento non \u00e8 andato a buon fine.","og_url":"https:\/\/musita.it\/en\/cancel-payment\/","og_site_name":"Mus\u00ecta","article_modified_time":"-0001-11-30T00:00:00+00:00","twitter_card":"summary_large_image","schema":{"@context":"https:\/\/schema.org","@graph":[{"@type":"WebPage","@id":"https:\/\/musita.it\/cancel-payment\/","url":"https:\/\/musita.it\/cancel-payment\/","name":"Annulla pagamento - Mus\u00ecta","isPartOf":{"@id":"https:\/\/musita.it\/#website"},"datePublished":"2024-04-12T14:41:30+00:00","dateModified":"-0001-11-30T00:00:00+00:00","inLanguage":"en-GB","potentialAction":[{"@type":"ReadAction","target":["https:\/\/musita.it\/cancel-payment\/"]}]},{"@type":"WebSite","@id":"https:\/\/musita.it\/#website","url":"https:\/\/musita.it\/","name":"Mus\u00ecta","description":"Tradizione di famiglia. Amore per la terra. Passione per il vino.","potentialAction":[{"@type":"SearchAction","target":{"@type":"EntryPoint","urlTemplate":"https:\/\/musita.it\/?s={search_term_string}"},"query-input":"required name=search_term_string"}],"inLanguage":"en-GB"}]}},"_links":{"self":[{"href":"https:\/\/musita.it\/en\/wp-json\/wp\/v2\/pages\/254","targetHints":{"allow":["GET"]}}],"collection":[{"href":"https:\/\/musita.it\/en\/wp-json\/wp\/v2\/pages"}],"about":[{"href":"https:\/\/musita.it\/en\/wp-json\/wp\/v2\/types\/page"}],"author":[{"embeddable":true,"href":"https:\/\/musita.it\/en\/wp-json\/wp\/v2\/users\/1"}],"replies":[{"embeddable":true,"href":"https:\/\/musita.it\/en\/wp-json\/wp\/v2\/comments?post=254"}],"version-history":[{"count":0,"href":"https:\/\/musita.it\/en\/wp-json\/wp\/v2\/pages\/254\/revisions"}],"wp:attachment":[{"href":"https:\/\/musita.it\/en\/wp-json\/wp\/v2\/media?parent=254"}],"curies":[{"name":"wp","href":"https:\/\/api.w.org\/{rel}","templated":true}]}}